{"id":2,"date":"2026-01-16T12:36:54","date_gmt":"2026-01-16T12:36:54","guid":{"rendered":"https:\/\/alex.md.cozmoslabs.com\/?page_id=2"},"modified":"2026-01-16T12:36:54","modified_gmt":"2026-01-16T12:36:54","slug":"beispielseite","status":"publish","type":"page","link":"https:\/\/alex.md.cozmoslabs.com\/de\/sample-page\/","title":{"rendered":"Beispielseite"},"content":{"rendered":"<p>Dies ist eine Beispielseite. Sie unterscheidet sich von einem Blogbeitrag, weil sie an einem Ort bleibt und in der Navigation Ihrer Website angezeigt wird (in den meisten Themes). Die meisten Menschen beginnen mit einer \u00dcber-Seite, die sie potenziellen Besuchern der Website vorstellt. Sie k\u00f6nnte etwa so lauten:<\/p>\n\n\n\n<blockquote class=\"wp-block-quote is-layout-flow wp-block-quote-is-layout-flow\">\n\n<p>Hallo zusammen! Tags\u00fcber bin ich Fahrradkurier, nachts aufstrebender Schauspieler, und das hier ist meine Website. Ich lebe in Los Angeles, habe einen tollen Hund namens Jack, und ich mag Pi\u00f1a Coladas. (Und vom Regen \u00fcberrascht zu werden.)<\/p>\n\n<\/blockquote>\n\n\n\n<p>...oder etwas in dieser Art:<\/p>\n\n\n\n<blockquote class=\"wp-block-quote is-layout-flow wp-block-quote-is-layout-flow\">\n\n<p>Die XYZ Doohickey Company wurde 1971 gegr\u00fcndet und liefert seither qualitativ hochwertige Doohickeys an die \u00d6ffentlichkeit. Die in Gotham Citycate XYZ besch\u00e4ftigt \u00fcber 2.000 Mitarbeiter und tut allerlei gro\u00dfartige Dinge f\u00fcr die Gemeinschaft von Gotham.<\/p>\n\n<\/blockquote>\n\n\n\n<p>Als neuer WordPress-Benutzer sollten Sie zu <a href=\"https:\/\/alex.md.cozmoslabs.com\/wp-admin\/\">dein Dashboard<\/a> um diese Seite zu l\u00f6schen und neue Seiten f\u00fcr Ihre Inhalte zu erstellen. Viel Spa\u00df!<\/p>","protected":false},"excerpt":{"rendered":"<p>This is an example page. It&#8217;s different from a blog post because it will stay in one place and will show up in your site navigation (in most themes). Most people start with an About page that introduces them to potential site visitors. It might say something like this: Hi there! I&#8217;m a bike messenger [&hellip;]<\/p>\n","protected":false},"author":1,"featured_media":0,"parent":0,"menu_order":0,"comment_status":"closed","ping_status":"open","template":"","meta":{"footnotes":""},"class_list":["post-2","page","type-page","status-publish","hentry"],"yoast_head":"<!-- This site is optimized with the Yoast SEO plugin v26.7 - https:\/\/yoast.com\/wordpress\/plugins\/seo\/ -->\n<title>Sample Page - Alex Multiple Dom<\/title>\n<meta name=\"robots\" content=\"index, follow, max-snippet:-1, max-image-preview:large, max-video-preview:-1\" \/>\n<link rel=\"canonical\" href=\"https:\/\/alex.md.cozmoslabs.com\/de\/beispielseite\/\" \/>\n<meta property=\"og:locale\" content=\"de_DE\" \/>\n<meta property=\"og:type\" content=\"article\" \/>\n<meta property=\"og:title\" content=\"Sample Page - Alex Multiple Dom\" \/>\n<meta property=\"og:description\" content=\"This is an example page. It&#8217;s different from a blog post because it will stay in one place and will show up in your site navigation (in most themes). Most people start with an About page that introduces them to potential site visitors. It might say something like this: Hi there! I&#8217;m a bike messenger [&hellip;]\" \/>\n<meta property=\"og:url\" content=\"https:\/\/alex.md.cozmoslabs.com\/de\/beispielseite\/\" \/>\n<meta property=\"og:site_name\" content=\"Alex Multiple Dom\" \/>\n<meta name=\"twitter:card\" content=\"summary_large_image\" \/>\n<meta name=\"twitter:label1\" content=\"Gesch\u00e4tzte Lesezeit\" \/>\n\t<meta name=\"twitter:data1\" content=\"1\u00a0Minute\" \/>\n<script type=\"application\/ld+json\" class=\"yoast-schema-graph\">{\"@context\":\"https:\/\/schema.org\",\"@graph\":[{\"@type\":\"WebPage\",\"@id\":\"https:\/\/alex.md.cozmoslabs.com\/sample-page\/\",\"url\":\"https:\/\/alex.md.cozmoslabs.com\/sample-page\/\",\"name\":\"Sample Page - Alex Multiple Dom\",\"isPartOf\":{\"@id\":\"https:\/\/alex.md.cozmoslabs.com\/#website\"},\"datePublished\":\"2026-01-16T12:36:54+00:00\",\"breadcrumb\":{\"@id\":\"https:\/\/alex.md.cozmoslabs.com\/sample-page\/#breadcrumb\"},\"inLanguage\":\"de\",\"potentialAction\":[{\"@type\":\"ReadAction\",\"target\":[\"https:\/\/alex.md.cozmoslabs.com\/sample-page\/\"]}]},{\"@type\":\"BreadcrumbList\",\"@id\":\"https:\/\/alex.md.cozmoslabs.com\/sample-page\/#breadcrumb\",\"itemListElement\":[{\"@type\":\"ListItem\",\"position\":1,\"name\":\"Home\",\"item\":\"https:\/\/alex.md.cozmoslabs.com\/\"},{\"@type\":\"ListItem\",\"position\":2,\"name\":\"Sample Page\"}]},{\"@type\":\"WebSite\",\"@id\":\"https:\/\/alex.md.cozmoslabs.com\/#website\",\"url\":\"https:\/\/alex.md.cozmoslabs.com\/\",\"name\":\"Alex Multiple Dom\",\"description\":\"\",\"potentialAction\":[{\"@type\":\"SearchAction\",\"target\":{\"@type\":\"EntryPoint\",\"urlTemplate\":\"https:\/\/alex.md.cozmoslabs.com\/?s={search_term_string}\"},\"query-input\":{\"@type\":\"PropertyValueSpecification\",\"valueRequired\":true,\"valueName\":\"search_term_string\"}}],\"inLanguage\":\"de\"}]}<\/script>\n<!-- \/ Yoast SEO plugin. -->","yoast_head_json":{"title":"Beispielseite - Alex Multiple Dom","robots":{"index":"index","follow":"follow","max-snippet":"max-snippet:-1","max-image-preview":"max-image-preview:large","max-video-preview":"max-video-preview:-1"},"canonical":"https:\/\/alex.md.cozmoslabs.com\/de\/beispielseite\/","og_locale":"de_DE","og_type":"article","og_title":"Sample Page - Alex Multiple Dom","og_description":"This is an example page. It&#8217;s different from a blog post because it will stay in one place and will show up in your site navigation (in most themes). Most people start with an About page that introduces them to potential site visitors. It might say something like this: Hi there! I&#8217;m a bike messenger [&hellip;]","og_url":"https:\/\/alex.md.cozmoslabs.com\/de\/beispielseite\/","og_site_name":"Alex Multiple Dom","twitter_card":"summary_large_image","twitter_misc":{"Gesch\u00e4tzte Lesezeit":"1\u00a0Minute"},"schema":{"@context":"https:\/\/schema.org","@graph":[{"@type":"WebPage","@id":"https:\/\/alex.md.cozmoslabs.com\/sample-page\/","url":"https:\/\/alex.md.cozmoslabs.com\/sample-page\/","name":"Beispielseite - Alex Multiple Dom","isPartOf":{"@id":"https:\/\/alex.md.cozmoslabs.com\/#website"},"datePublished":"2026-01-16T12:36:54+00:00","breadcrumb":{"@id":"https:\/\/alex.md.cozmoslabs.com\/sample-page\/#breadcrumb"},"inLanguage":"de","potentialAction":[{"@type":"ReadAction","target":["https:\/\/alex.md.cozmoslabs.com\/sample-page\/"]}]},{"@type":"BreadcrumbList","@id":"https:\/\/alex.md.cozmoslabs.com\/sample-page\/#breadcrumb","itemListElement":[{"@type":"ListItem","position":1,"name":"Home","item":"https:\/\/alex.md.cozmoslabs.com\/"},{"@type":"ListItem","position":2,"name":"Sample Page"}]},{"@type":"WebSite","@id":"https:\/\/alex.md.cozmoslabs.com\/#website","url":"https:\/\/alex.md.cozmoslabs.com\/","name":"Alex Mehrfach-Dom","description":"","potentialAction":[{"@type":"SearchAction","target":{"@type":"EntryPoint","urlTemplate":"https:\/\/alex.md.cozmoslabs.com\/?s={search_term_string}"},"query-input":{"@type":"PropertyValueSpecification","valueRequired":true,"valueName":"search_term_string"}}],"inLanguage":"de"}]}},"_links":{"self":[{"href":"https:\/\/alex.md.cozmoslabs.com\/de\/wp-json\/wp\/v2\/pages\/2","targetHints":{"allow":["GET"]}}],"collection":[{"href":"https:\/\/alex.md.cozmoslabs.com\/de\/wp-json\/wp\/v2\/pages"}],"about":[{"href":"https:\/\/alex.md.cozmoslabs.com\/de\/wp-json\/wp\/v2\/types\/page"}],"author":[{"embeddable":true,"href":"https:\/\/alex.md.cozmoslabs.com\/de\/wp-json\/wp\/v2\/users\/1"}],"replies":[{"embeddable":true,"href":"https:\/\/alex.md.cozmoslabs.com\/de\/wp-json\/wp\/v2\/comments?post=2"}],"version-history":[{"count":0,"href":"https:\/\/alex.md.cozmoslabs.com\/de\/wp-json\/wp\/v2\/pages\/2\/revisions"}],"wp:attachment":[{"href":"https:\/\/alex.md.cozmoslabs.com\/de\/wp-json\/wp\/v2\/media?parent=2"}],"curies":[{"name":"wp","href":"https:\/\/api.w.org\/{rel}","templated":true}]}}