{"id":2,"date":"2026-01-16T12:36:54","date_gmt":"2026-01-16T12:36:54","guid":{"rendered":"https:\/\/alex.md.cozmoslabs.com\/?page_id=2"},"modified":"2026-01-16T12:36:54","modified_gmt":"2026-01-16T12:36:54","slug":"pagina-di-esempio","status":"publish","type":"page","link":"https:\/\/alex.md.cozmoslabs.com\/it\/sample-page\/","title":{"rendered":"Pagina di esempio"},"content":{"rendered":"<p>Questa \u00e8 una pagina di esempio. \u00c8 diversa da un post del blog perch\u00e9 rimarr\u00e0 in un unico posto e apparir\u00e0 nella navigazione del tuo sito (nella maggior parte dei temi). La maggior parte delle persone inizia con una pagina \"Chi siamo\" che introduce i visitatori potenziali del sito. Potrebbe dire qualcosa di simile a questo:<\/p>\n\n\n\n<blockquote class=\"wp-block-quote is-layout-flow wp-block-quote-is-layout-flow\">\n\n<p>Ciao! Sono un corriere in bicicletta di giorno, un attore in erba di notte, e questo \u00e8 il mio sito web. Vivo a Los Angeles, ho un fantastico cane di nome Jack e mi piacciono le pi\u00f1a coladas. (E rimanere sorpreso dalla pioggia.)<\/p>\n\n<\/blockquote>\n\n\n\n<p>...o qualcosa del genere:<\/p>\n\n\n\n<blockquote class=\"wp-block-quote is-layout-flow wp-block-quote-is-layout-flow\">\n\n<p>The XYZ Doohickey Company was founded in 1971, and has been providing quality doohickeys to the public ever since. Located in Gotham City, XYZ employs over 2,000 people and does all kinds of awesome things for the Gotham community.<\/p>\n\n<\/blockquote>\n\n\n\n<p>Come nuovo utente di WordPress dovresti andare su <a href=\"https:\/\/alex.md.cozmoslabs.com\/wp-admin\/\">la tua dashboard<\/a> per eliminare questa pagina e crearne di nuove per i tuoi contenuti. Divertiti!<\/p>","protected":false},"excerpt":{"rendered":"<p>This is an example page. It&#8217;s different from a blog post because it will stay in one place and will show up in your site navigation (in most themes). Most people start with an About page that introduces them to potential site visitors. It might say something like this: Hi there! I&#8217;m a bike messenger [&hellip;]<\/p>\n","protected":false},"author":1,"featured_media":0,"parent":0,"menu_order":0,"comment_status":"closed","ping_status":"open","template":"","meta":{"footnotes":""},"class_list":["post-2","page","type-page","status-publish","hentry"],"yoast_head":"<!-- This site is optimized with the Yoast SEO plugin v26.7 - https:\/\/yoast.com\/wordpress\/plugins\/seo\/ -->\n<title>Sample Page - Alex Multiple Dom<\/title>\n<meta name=\"robots\" content=\"index, follow, max-snippet:-1, max-image-preview:large, max-video-preview:-1\" \/>\n<link rel=\"canonical\" href=\"https:\/\/alex.md.cozmoslabs.com\/it\/pagina-di-esempio\/\" \/>\n<meta property=\"og:locale\" content=\"it_IT\" \/>\n<meta property=\"og:type\" content=\"article\" \/>\n<meta property=\"og:title\" content=\"Sample Page - Alex Multiple Dom\" \/>\n<meta property=\"og:description\" content=\"This is an example page. It&#8217;s different from a blog post because it will stay in one place and will show up in your site navigation (in most themes). Most people start with an About page that introduces them to potential site visitors. It might say something like this: Hi there! I&#8217;m a bike messenger [&hellip;]\" \/>\n<meta property=\"og:url\" content=\"https:\/\/alex.md.cozmoslabs.com\/it\/pagina-di-esempio\/\" \/>\n<meta property=\"og:site_name\" content=\"Alex Multiple Dom\" \/>\n<meta name=\"twitter:card\" content=\"summary_large_image\" \/>\n<meta name=\"twitter:label1\" content=\"Tempo di lettura stimato\" \/>\n\t<meta name=\"twitter:data1\" content=\"1 minuto\" \/>\n<script type=\"application\/ld+json\" class=\"yoast-schema-graph\">{\"@context\":\"https:\/\/schema.org\",\"@graph\":[{\"@type\":\"WebPage\",\"@id\":\"https:\/\/alex.md.cozmoslabs.com\/sample-page\/\",\"url\":\"https:\/\/alex.md.cozmoslabs.com\/sample-page\/\",\"name\":\"Sample Page - Alex Multiple Dom\",\"isPartOf\":{\"@id\":\"https:\/\/alex.md.cozmoslabs.com\/#website\"},\"datePublished\":\"2026-01-16T12:36:54+00:00\",\"breadcrumb\":{\"@id\":\"https:\/\/alex.md.cozmoslabs.com\/sample-page\/#breadcrumb\"},\"inLanguage\":\"it-IT\",\"potentialAction\":[{\"@type\":\"ReadAction\",\"target\":[\"https:\/\/alex.md.cozmoslabs.com\/sample-page\/\"]}]},{\"@type\":\"BreadcrumbList\",\"@id\":\"https:\/\/alex.md.cozmoslabs.com\/sample-page\/#breadcrumb\",\"itemListElement\":[{\"@type\":\"ListItem\",\"position\":1,\"name\":\"Home\",\"item\":\"https:\/\/alex.md.cozmoslabs.com\/\"},{\"@type\":\"ListItem\",\"position\":2,\"name\":\"Sample Page\"}]},{\"@type\":\"WebSite\",\"@id\":\"https:\/\/alex.md.cozmoslabs.com\/#website\",\"url\":\"https:\/\/alex.md.cozmoslabs.com\/\",\"name\":\"Alex Multiple Dom\",\"description\":\"\",\"potentialAction\":[{\"@type\":\"SearchAction\",\"target\":{\"@type\":\"EntryPoint\",\"urlTemplate\":\"https:\/\/alex.md.cozmoslabs.com\/?s={search_term_string}\"},\"query-input\":{\"@type\":\"PropertyValueSpecification\",\"valueRequired\":true,\"valueName\":\"search_term_string\"}}],\"inLanguage\":\"it-IT\"}]}<\/script>\n<!-- \/ Yoast SEO plugin. -->","yoast_head_json":{"title":"Pagina di esempio - Alex Dom multiplo","robots":{"index":"index","follow":"follow","max-snippet":"max-snippet:-1","max-image-preview":"max-image-preview:large","max-video-preview":"max-video-preview:-1"},"canonical":"https:\/\/alex.md.cozmoslabs.com\/it\/pagina-di-esempio\/","og_locale":"it_IT","og_type":"article","og_title":"Sample Page - Alex Multiple Dom","og_description":"This is an example page. It&#8217;s different from a blog post because it will stay in one place and will show up in your site navigation (in most themes). Most people start with an About page that introduces them to potential site visitors. It might say something like this: Hi there! I&#8217;m a bike messenger [&hellip;]","og_url":"https:\/\/alex.md.cozmoslabs.com\/it\/pagina-di-esempio\/","og_site_name":"Alex Multiple Dom","twitter_card":"summary_large_image","twitter_misc":{"Tempo di lettura stimato":"1 minuto"},"schema":{"@context":"https:\/\/schema.org","@graph":[{"@type":"WebPage","@id":"https:\/\/alex.md.cozmoslabs.com\/sample-page\/","url":"https:\/\/alex.md.cozmoslabs.com\/sample-page\/","name":"Pagina di esempio - Alex Dom multiplo","isPartOf":{"@id":"https:\/\/alex.md.cozmoslabs.com\/#website"},"datePublished":"2026-01-16T12:36:54+00:00","breadcrumb":{"@id":"https:\/\/alex.md.cozmoslabs.com\/sample-page\/#breadcrumb"},"inLanguage":"it-IT","potentialAction":[{"@type":"ReadAction","target":["https:\/\/alex.md.cozmoslabs.com\/sample-page\/"]}]},{"@type":"BreadcrumbList","@id":"https:\/\/alex.md.cozmoslabs.com\/sample-page\/#breadcrumb","itemListElement":[{"@type":"ListItem","position":1,"name":"Home","item":"https:\/\/alex.md.cozmoslabs.com\/"},{"@type":"ListItem","position":2,"name":"Sample Page"}]},{"@type":"WebSite","@id":"https:\/\/alex.md.cozmoslabs.com\/#website","url":"https:\/\/alex.md.cozmoslabs.com\/","name":"Alex Dom multiplo","description":"","potentialAction":[{"@type":"SearchAction","target":{"@type":"EntryPoint","urlTemplate":"https:\/\/alex.md.cozmoslabs.com\/?s={search_term_string}"},"query-input":{"@type":"PropertyValueSpecification","valueRequired":true,"valueName":"search_term_string"}}],"inLanguage":"it-IT"}]}},"_links":{"self":[{"href":"https:\/\/alex.md.cozmoslabs.com\/it\/wp-json\/wp\/v2\/pages\/2","targetHints":{"allow":["GET"]}}],"collection":[{"href":"https:\/\/alex.md.cozmoslabs.com\/it\/wp-json\/wp\/v2\/pages"}],"about":[{"href":"https:\/\/alex.md.cozmoslabs.com\/it\/wp-json\/wp\/v2\/types\/page"}],"author":[{"embeddable":true,"href":"https:\/\/alex.md.cozmoslabs.com\/it\/wp-json\/wp\/v2\/users\/1"}],"replies":[{"embeddable":true,"href":"https:\/\/alex.md.cozmoslabs.com\/it\/wp-json\/wp\/v2\/comments?post=2"}],"version-history":[{"count":0,"href":"https:\/\/alex.md.cozmoslabs.com\/it\/wp-json\/wp\/v2\/pages\/2\/revisions"}],"wp:attachment":[{"href":"https:\/\/alex.md.cozmoslabs.com\/it\/wp-json\/wp\/v2\/media?parent=2"}],"curies":[{"name":"wp","href":"https:\/\/api.w.org\/{rel}","templated":true}]}}